{"id":114,"date":"2010-09-03T12:46:55","date_gmt":"2010-09-03T10:46:55","guid":{"rendered":"http:\/\/skarr.de\/wordpress\/?page_id=114"},"modified":"2018-08-20T08:48:00","modified_gmt":"2018-08-20T06:48:00","slug":"kontakt","status":"publish","type":"page","link":"http:\/\/skarr.de\/?page_id=114","title":{"rendered":"kontakt\/datenschutz"},"content":{"rendered":"<p>&nbsp;<\/p>\n<p><strong><span style=\"font-size: small;\"><span style=\"font-size: medium;\"><a href=\"http:\/\/skarr.de\/?attachment_id=223\" rel=\"attachment wp-att-223\"><img decoding=\"async\" loading=\"lazy\" class=\"alignleft size-full wp-image-223\" title=\"kontakt\" src=\"http:\/\/skarr.de\/wordpress\/wp-content\/uploads\/2010\/09\/kontakt-e1314604622106.jpg\" alt=\"\" width=\"199\" height=\"140\" \/><\/a><\/span><\/span><span style=\"font-size: large;\"><br \/>\nStephanie Karra\u00df<\/span><\/strong><br \/>\n<span style=\"font-size: large;\"> Rosenheimer Str. 42<\/span><br \/>\n<span style=\"font-size: large;\"> 81669 M\u00fcnchen<\/span><\/p>\n<p><span style=\"font-size: large;\">+49 177 305 51 56<\/span><br \/>\n<span style=\"font-size: large;\"> stephanie(at)skarr.de<\/span><\/p>\n<p>Umsatzsteuer-Identifikationsnummer gem\u00e4\u00df \u00a7 27a Umsatzsteuergesetz: DE273477083<\/p>\n<p><span style=\"color: #333333;\">Hiermit erkl\u00e4re ich, dass ich, soweit nicht anders angegeben, Urheberin der Bilder und Texte auf dieser Website bin. Eine Nutzung der Inhalte auf skarr.de \u2013 sowohl gewerblich als auch privat \u2013 bedarf meiner schriftlichen Zustimmung. F\u00fcr die Inhalte verlinkter Websites \u00fcbernehme ich weder Verantwortung noch Haftung.<\/span><\/p>\n<h3><span style=\"color: #333333;\"><strong>Datenschutzangaben gem\u00e4\u00df DSGVO<\/strong><\/span><\/h3>\n<h4><span style=\"color: #333333;\"><strong><em>Verantwortliche Ansprechpartnerin<\/em><\/strong>:<\/span><\/h4>\n<p><span style=\"color: #333333;\">Stephanie Karra\u00df<\/span><br \/>\n<span style=\"color: #333333;\"> Rosenheimerstrasse 42<\/span><br \/>\n<span style=\"color: #333333;\"> 81669 M\u00fcnchen<\/span><\/p>\n<p><span style=\"color: #333333;\">stephanie(at)skarr.de<\/span><\/p>\n<h4><span style=\"color: #333333;\"><em><strong>Logdateien<\/strong><\/em><\/span><\/h4>\n<p>Webserver und CMS (WordPress) speichern f\u00fcr Zugriffsstatistiken folgende Informationen:<\/p>\n<p>\u2013 Browser<br \/>\n\u2013 L\u00e4ndercode<br \/>\n\u2013 IP-Adresse<br \/>\n\u2013 Suchbegriffe<br \/>\n\u2013 Sprachkodierung<br \/>\n\u2013 Betriebssystem<br \/>\n\u2013 Permalink<br \/>\n\u2013 Datum und Uhrzeit<br \/>\n\u2013 Herkunft<br \/>\n\u2013 ausgehender Link<br \/>\n\u2013 Seitengeschwindigkeit<\/p>\n<p>Die vom Webserver erhobenen Daten werden f\u00fcr ein Jahr gespeichert.<\/p>\n<h4><span style=\"color: #333333;\"><em><strong>Personenbezogene Daten<\/strong><\/em><\/span><\/h4>\n<p>Personenbezogene Daten (Name, E-Mailadresse) werden nur durch eine direkte Mail an mich erhoben und gem\u00e4\u00df DSGVO Artikel 6, Abschnitt 1, vor allem in Bezug auf die Abs\u00e4tze a), b), und c) ausschliesslich f\u00fcr die Kommunikation mit der\/dem Anfragenden verwendet und nicht an Dritte weitergegeben.<span style=\"color: #333333;\"><em><strong><br \/>\n<\/strong><\/em><\/span><\/p>\n<hr \/>\n<p><span style=\"color: #333333;\"><em><strong>Widerrufsrecht<\/strong><\/em><\/span><\/p>\n<p><strong>Sie k\u00f6nnen eine bereits erteilte Einwilligung der Nutzung Ihrer Daten jederzeit widerrufen. Dazu reicht eine formlose Mitteilung per E-Mail. Die Rechtm\u00e4\u00dfigkeit der bis zum Widerruf erfolgten Datenverarbeitung bleibt vom Widerruf unber\u00fchrt.<\/strong><span style=\"color: #333333;\"><em><strong><br \/>\n<\/strong><\/em><\/span><\/p>\n<hr \/>\n<h4><span style=\"color: #333333;\"><em><strong>Recht auf Auskunft<\/strong><\/em><\/span><\/h4>\n<p>Sie erhalten auf Nachfrage eine ausf\u00fchrliche Auskunft \u00fcber alle \u00fcber Sie gespeicherten Daten.<span style=\"color: #333333;\"><em><strong><br \/>\n<\/strong><\/em><\/span><\/p>\n<h4><span style=\"color: #333333;\"><em><strong>Recht auf Berichtigung\/L\u00f6schung<\/strong><\/em><\/span><\/h4>\n<p>Sie haben das Recht auf Berichtigung, Einschr\u00e4nkung der Verarbeitung und L\u00f6schung Ihrer Daten.<span style=\"color: #333333;\"><em><strong><br \/>\n<\/strong><\/em><\/span><\/p>\n<h4><span style=\"color: #333333;\"><em><strong>Beschwerderecht<\/strong><\/em><\/span><\/h4>\n<p>Sie haben nach Artikel 77 DSGVO das Recht sich bei einer zust\u00e4ndigen Datenschutzbeh\u00f6rde zu beschweren.<span style=\"color: #333333;\"><em><strong><br \/>\n<\/strong><\/em><\/span><\/p>\n<h4><span style=\"color: #333333;\"><em><strong>Recht auf Datenbertragbarkeit<\/strong><\/em><\/span><\/h4>\n<p>Sie haben das Recht, Daten, die von mir auf Grundlage Ihrer Einwilligung oder in Erf\u00fcllung eines Vertrags verarbeitet werden, an sich selbst oder an einen Dritten in einem g\u00e4ngigen, maschinenlesbaren Format aush\u00e4ndigen zu lassen. Sofern Sie die direkte \u00dcbertragung der Daten an einen anderen Verantwortlichen verlangen, erfolgt dies nur, soweit es technisch machbar ist.<\/p>\n<h4><span style=\"color: #333333;\"><em><strong>Speicherung personenbezogener Daten<\/strong><\/em><\/span><\/h4>\n<p>Personenbezogene Daten werden verschl\u00fcsselt auf einem Server in Deutschland gespeichert und nicht an Dritte weitergegeben. Hiervon ausgenommen sind etwaige rechtskr\u00e4ftige juristische Forderungen zur Herausgabe von gespeicherten Daten \u00a0an Ermittlungsbeh\u00f6rden im Rahmen einer konkreten Anfrage. Personenbezogene Daten werden f\u00fcr die Dauer von Gesch\u00e4fts- und Kommunikationsbeziehungen gespeichert.<em><strong><br \/>\n<\/strong><\/em><\/p>\n","protected":false},"excerpt":{"rendered":"<p>&nbsp; Stephanie Karra\u00df Rosenheimer Str. 42 81669 M\u00fcnchen +49 177 305 51 56 stephanie(at)skarr.de Umsatzsteuer-Identifikationsnummer gem\u00e4\u00df \u00a7 27a Umsatzsteuergesetz: DE273477083 Hiermit erkl\u00e4re ich, dass ich, soweit nicht anders angegeben, Urheberin der Bilder und Texte auf dieser Website bin. Eine Nutzung &hellip; <a href=\"http:\/\/skarr.de\/?page_id=114\">Weiterlesen <span class=\"meta-nav\">&rarr;<\/span><\/a><\/p>\n","protected":false},"author":1,"featured_media":0,"parent":0,"menu_order":0,"comment_status":"closed","ping_status":"closed","template":"","meta":[],"_links":{"self":[{"href":"http:\/\/skarr.de\/index.php?rest_route=\/wp\/v2\/pages\/114"}],"collection":[{"href":"http:\/\/skarr.de\/index.php?rest_route=\/wp\/v2\/pages"}],"about":[{"href":"http:\/\/skarr.de\/index.php?rest_route=\/wp\/v2\/types\/page"}],"author":[{"embeddable":true,"href":"http:\/\/skarr.de\/index.php?rest_route=\/wp\/v2\/users\/1"}],"replies":[{"embeddable":true,"href":"http:\/\/skarr.de\/index.php?rest_route=%2Fwp%2Fv2%2Fcomments&post=114"}],"version-history":[{"count":64,"href":"http:\/\/skarr.de\/index.php?rest_route=\/wp\/v2\/pages\/114\/revisions"}],"predecessor-version":[{"id":3152,"href":"http:\/\/skarr.de\/index.php?rest_route=\/wp\/v2\/pages\/114\/revisions\/3152"}],"wp:attachment":[{"href":"http:\/\/skarr.de\/index.php?rest_route=%2Fwp%2Fv2%2Fmedia&parent=114"}],"curies":[{"name":"wp","href":"https:\/\/api.w.org\/{rel}","templated":true}]}}